{"id":115678,"date":"2024-09-06T12:19:47","date_gmt":"2024-09-06T10:19:47","guid":{"rendered":"https:\/\/eeb.org\/?page_id=115678"},"modified":"2025-01-14T17:19:02","modified_gmt":"2025-01-14T16:19:02","slug":"toxicfreepledge","status":"publish","type":"page","link":"https:\/\/eeb.org\/fr\/toxicfreepledge\/","title":{"rendered":"Toxic Free Pledge"},"content":{"rendered":"<img fetchpriority=\"high\" decoding=\"async\" src=\"https:\/\/eeb.org\/wp-content\/uploads\/2024\/08\/TFP-header.png\" alt=\"TFP header\" itemprop=\"image\" height=\"400\" width=\"1200\" title=\"TFP header\" onerror=\"this.style.display='none'\"  \/>\n\t<p>The European Union stands at a pivotal moment to shape a future where public health, social justice, and a climate and environment-friendly economy coexist.<\/p>\n<p>Despite advancements in health and environmental policies, hazardous chemicals are still found in our water, food, air, everyday products, and bodies. They compromise our health, causing illness, infertility, cognitive impairment, and even premature death, with disproportionate impacts on women, children, and future generations.\u00a0<\/p>\n<p>As an MEP, you have a unique opportunity to address this crisis by ensuring that the EU commits to a toxic-free and socially just green transition, and supports the European industry in leading the way in the innovation of safe and non-toxic chemicals, products, and practices. \u00a0<\/p>\n<p>By signing this Pledge, you undertake, during your mandate, to defend:<\/p>\n\t\t\t<h3> A future-proof chemicals policy<\/h3> <p>Swiftly phase-out harmful chemicals and revise REACH to close existing gaps in the legislation and to better protect health and the environment, in line with the Chemicals Strategy for Sustainability.<\/p>\t\t\n\t\t\t<h3> Transparency  and traceability of chemicals<\/h3> <p>Promote greater knowledge and understanding of chemicals used in production processes and found in consumer products, fostering a toxic-free circular economy.<\/p>\t\t\n\t\t\t<h3> A holistic &#8216;One Planet, One Health&#8217; approach<\/h3> <p>Ensure that climate, biodiversity and pollution actions are addressed holistically. I will make sure that EU efforts to reduce carbon emissions and energy use and eliminate toxic chemicals complement each other, advocating for a coordinated legislative approach.<\/p>\t\t\n\t\t\t<h3> Phase out of forever chemicals (PFAS)<\/h3> <p>Back the phase out of all-non-essential uses of forever pollutants, recognising their long-term impact on health and the environment.<\/p>\t\t\n\t\t\t<h3> Strengthened access to justice and accountability<\/h3> <p>Support comprehensive provisions for access to justice, remediation and compensation for individuals affected by chemical pollution and ensure polluters are held accountable.<\/p>\t\t\n\t\t\t<h3> Inherently safe and sustainable chemicals, materials and products<\/h3> <p>Advocate for the EU industry to lead on innovation by substituting the most harmful chemicals and developing safe and sustainable chemicals, materials, and products from the drawboard.<\/p>\t\t\n\t\t\t<h3> End EU-banned chemicals exports<\/h3> <p>Work to stop the export of hazardous chemicals banned in the EU to countries with less stringent regulations.<\/p>\t\t\n\t\t\t<a href=\"https:\/\/docs.google.com\/forms\/d\/e\/1FAIpQLSdltIkGcwjIYQ_Bnl4wPuWdwNjCOwufMp9WmEjYpF2LEbjR0w\/viewform?embedded=true\" target=\"_blank\" role=\"button\" rel=\"noopener\">\n\t\t\t\t\t\t\tCLICK HERE TO SIGN THE PLEDGE FOR A TOXIC-FREE EUROPE\n\t\t\t\t\t<\/a>\n<h2>\n\t\tSIGNATORIES\n\t<\/h2>\n<h2>\n\t\tElected Members of the EU Parliament (MEPs)\n\t<\/h2>\n\t<ol>\n<li><a href=\"https:\/\/www.europarl.europa.eu\/meps\/en\/125023\/ANJA_HAZEKAMP\/home\">Anja Hazekamp, Partij voor de Dieren, Netherlands<\/a> (MEP)<\/li>\n<li><a href=\"https:\/\/www.europarl.europa.eu\/meps\/en\/204332\/BARRY_ANDREWS\/home\">Barry Andrews, Fianna F\u00e1il, Ireland<\/a> (MEP)<\/li>\n<li><a href=\"https:\/\/www.europarl.europa.eu\/meps\/en\/256915\/MELISSA_CAMARA\/home\">Camara Melissa, Europe Ecologie, France<\/a> (MEP)<\/li>\n<li><a href=\"https:\/\/www.europarl.europa.eu\/meps\/en\/256927\/CAROLA_RACKETE\/home\">Carola Rackete, The Left, Germany (MEP)<\/a><\/li>\n<li><a href=\"https:\/\/www.europarl.europa.eu\/meps\/en\/257063\/CATARINA_MARTINS\/home\">Catarina Martins, Bloco de Esquerda, Portugal (MEP)<\/a><\/li>\n<li><a href=\"https:\/\/www.europarl.europa.eu\/meps\/en\/257130\/CRISTINA_GUARDA\/home\">Cristina Guarda, I Verdi, Greens\/EFA, Italy\u00a0 (MEP)<\/a><\/li>\n<li><a href=\"https:\/\/www.europarl.europa.eu\/meps\/en\/197503\/DAVID_CORMAND\/home\">David Cormand, Europe \u00c9cologie, France<\/a> (MEP)<\/li>\n<li><a href=\"https:\/\/www.europarl.europa.eu\/meps\/en\/256869\/GREGORY_ALLIONE\/home\">Gregory Allione, Renaissance, Renew Europe, France\u00a0 (MEP)<\/a><\/li>\n<li><a href=\"https:\/\/www.europarl.europa.eu\/meps\/en\/245770\/IRENE_MONTERO\/home\">Irene Montero, Podemos, Spain<\/a> (MEP)<\/li>\n<li><a href=\"https:\/\/www.europarl.europa.eu\/meps\/en\/257009\/ISABEL_SERRA+SANCHEZ\/home\">Isabel Serra S\u00e1nchez, Podemos, Spain<\/a> (MEP)<\/li>\n<li><a href=\"https:\/\/www.europarl.europa.eu\/meps\/en\/2268\/JONAS_SJOSTEDT\/home\">Jonas Sj\u00f6stedt, V\u00e4nsterpartiet, The\u00a0 Left , Sweden (MEP)<\/a><\/li>\n<li><a href=\"https:\/\/www.europarl.europa.eu\/meps\/en\/197466\/JUTTA_PAULUS\/home\">Jutta Paulus, B\u00fcndnis 90\/Die Gr\u00fcnen\u00a0 Greens\/EFA, Germany (MEP)<\/a><\/li>\n<li><a href=\"https:\/\/www.europarl.europa.eu\/meps\/en\/197573\/KIRA+MARIE_PETER-HANSEN\/home\">Kira Marie Peter-Hansen, Socialistisk Folkeparti, Greens\/EFA, Denmark (MEP)<\/a><\/li>\n<li><a href=\"https:\/\/www.europarl.europa.eu\/meps\/en\/256833\/LENA_SCHILLING\/home\">Lena Schilling, Die Gr\u00fcne, Greens\/EFA, Austria (MEP)<\/a><\/li>\n<li><a href=\"https:\/\/www.europarl.europa.eu\/meps\/en\/124701\/LUDEK_NIEDERMAYER\/home\">Ludek Niedermayer, TOP 09 a Starostov\u00e9, Czechia<\/a> (MEP)<\/li>\n<li><a href=\"https:\/\/www.europarl.europa.eu\/meps\/en\/124984\/LYNN_BOYLAN\/home\">Lynn Boylan, Sinn F\u00e9in, The\u00a0 Left, Ireland (MEP)<\/a><\/li>\n<li><a href=\"https:\/\/www.europarl.europa.eu\/meps\/en\/256917\/MAJDOULINE_SBAI\/home\">Majdouline Sbai, Europe Ecologie, France<\/a> (MEP)<\/li>\n<li><a href=\"https:\/\/www.europarl.europa.eu\/meps\/fr\/97236\/MARIE_TOUSSAINT\/home\">Marie Toussaint, Europe \u00c9cologie, France<\/a> (MEP)<\/li>\n<li><a href=\"https:\/\/www.europarl.europa.eu\/meps\/en\/197770\/MARTIN_HOJSIK\/home\">Martin Hojs\u00edk, Progressive Slovakia, Slovakia<\/a> (MEP)<\/li>\n<li><a href=\"https:\/\/www.europarl.europa.eu\/meps\/en\/190517\/MARTIN_SCHIRDEWAN\/home\">Martin Schirdewan, Die Linke, Germany<\/a> (MEP)<\/li>\n<li><a href=\"https:\/\/www.europarl.europa.eu\/meps\/en\/233862\/MATJAZ_NEMEC\/home\">Matja\u017e Nemec, Socialni Demokrati, Slovenia<\/a> (MEP)<\/li>\n<li><a href=\"https:\/\/www.europarl.europa.eu\/meps\/en\/197769\/MICHAL_WIEZIK\/home\">Michal Wiezik, Renew Europe Group \/ Progres\u00edvne Slovensko, Slovakia<\/a> (MEP)<\/li>\n<li><a href=\"https:\/\/www.europarl.europa.eu\/meps\/en\/197782\/MOHAMMED_CHAHIM\/home\">Mohammed Chahim, Partij van de Arbeid, \u00a0Netherlands<\/a> (MEP)<\/li>\n<li><a href=\"https:\/\/www.europarl.europa.eu\/meps\/fr\/197500\/MOUNIR_SATOURI\/home\">Mounir Satouri, Europe Ecologie, France<\/a> (MEP)<\/li>\n<li><a href=\"https:\/\/www.europarl.europa.eu\/meps\/en\/257023\/PER_CLAUSEN\/home\">Per Clausen, Enhedslisten, Danmark<\/a> (MEP)<\/li>\n<li><a href=\"https:\/\/www.europarl.europa.eu\/meps\/en\/197694\/RAPHAEL_GLUCKSMANN\/home\">Rapha\u00ebl Glucksmann, Place Publique &#8211; Parti socialiste, France<\/a> (MEP)<\/li>\n<li><a href=\"https:\/\/www.europarl.europa.eu\/meps\/nl\/208722\/SARA_MATTHIEU\/home\">Sara Matthieu, Groen &#8211; Greens\/EFA, Belgium<\/a> (MEP)<\/li>\n<li><a href=\"https:\/\/www.europarl.europa.eu\/meps\/en\/197470\/SASKIA_BRICMONT\/home\">Saskia Bricmont , Ecolo &#8211; Greens\/EFA, Belgium<\/a> (MEP)<\/li>\n<li><a href=\"https:\/\/www.europarl.europa.eu\/meps\/en\/257038\/SIGRID_FRIIS\/home\">Sigrid Friis, Det Radikale Venstre, Renew Europe, Denmark<\/a> (MEP)<\/li>\n<li><a href=\"https:\/\/www.europarl.europa.eu\/meps\/en\/257038\/SIGRID_FRIIS\/home\">Thomas Pellerin-Carlin, \u00a0Place publique, S&amp;D, France<\/a> (MEP)<\/li>\n<li><a href=\"https:\/\/www.europarl.europa.eu\/meps\/en\/190464\/THOMAS_WAITZ\/home\">Thomas Waitz, <\/a><a href=\"https:\/\/www.europarl.europa.eu\/meps\/en\/256833\/LENA_SCHILLING\/home\">Die Gr\u00fcne<\/a><a href=\"https:\/\/www.europarl.europa.eu\/meps\/en\/190464\/THOMAS_WAITZ\/home\">, Greens\/EFA, Austria<\/a> (MEP)<\/li>\n<\/ol>\n<h2>\n\t\tEuropean Parliament candidates\n\t<\/h2>\n\t<ol>\n<li aria-level=\"1\">Abdoulaye Diarra, Europe Ecologie, France<\/li>\n<li aria-level=\"1\">Albert Sterba, Czech Pirate Party, Czech Republic<\/li>\n<li aria-level=\"1\">Alexandre Abreu, Bloco de Esquerda \/ Left Bloc, Portugal<\/li>\n<li aria-level=\"1\">Aminata Pallud, European Greens \/ Les Ecologistes \/ Liste Europe Ecologie, France<\/li>\n<li aria-level=\"1\">Amine Kessaci, Europe Ecologie, France<\/li>\n<li aria-level=\"1\">Anabela Rodrigues, Bloco de esquerda, Portugal<\/li>\n<li aria-level=\"1\">Anna Don\u00e1th, Momentum Mozgalom, Hungary<\/li>\n<li aria-level=\"1\">Biteau Benoit, Europe \u00c9cologie, France<\/li>\n<li aria-level=\"1\">Bonal Lisa, Gauche, France<\/li>\n<li aria-level=\"1\">Caroline Roose, Europe \u00c9cologie, France<\/li>\n<li aria-level=\"1\">Ciar\u00e1n Cuffe, Green Party, Ireland<\/li>\n<li aria-level=\"1\">Claude Gruffat, Europe Ecologie, France<\/li>\n<li aria-level=\"1\">Corentin SOLEILHAC, Les Ecologistes, France<\/li>\n<li aria-level=\"1\">Diego Ca\u00f1amero Valle, Podemos, Spain<\/li>\n<li aria-level=\"1\">Elsa Miedema, Partij voor de Dieren, Netherlands<\/li>\n<li aria-level=\"1\">Estefan\u00eda Torres Mart\u00ednez, Podemos, Spain<\/li>\n<li aria-level=\"1\">Eugenia Arsenis, SYRIZA &#8211; Progressive Alliance, Greece<\/li>\n<li aria-level=\"1\">F\u00e1tima Teixeira, Bloco de Esquerda, Portugal<\/li>\n<li aria-level=\"1\">Flora Ghebali, Europe Ecologie, France<\/li>\n<li aria-level=\"1\">Francisco Paup\u00e9rio, LIVRE, Portugal<\/li>\n<li aria-level=\"1\">Gaby Markandu, Partij voor de Dieren, Netherlands<\/li>\n<li aria-level=\"1\">Gilles Boisson, EELV, France<\/li>\n<li aria-level=\"1\">Grace O&#8217;Sullivan, Green Party, Ireland<\/li>\n<li aria-level=\"1\">Granger, Les Ecologistes, France<\/li>\n<li aria-level=\"1\">In\u00eas Antunes, Bloco de Esquerda, Portugal<\/li>\n<li aria-level=\"1\">Jan Kristoffersen, Alternativet, Denmark<\/li>\n<li aria-level=\"1\">Joana Ideias, Bloco de Esquerda, Portugal<\/li>\n<li aria-level=\"1\">Jorge Paiva, Bloco de esquerda, Portugal<\/li>\n<li aria-level=\"1\">Jos\u00e9 Augusto Peres Raposo, Bloco Esquerda, Portugal<\/li>\n<li aria-level=\"1\">Jos\u00e9 Gusm\u00e3o, Bloco de Esquerda, Portugal<\/li>\n<li aria-level=\"1\">Jos\u00e9 Manuel Pureza, Bloco de Esquerda, Portugal<\/li>\n<li aria-level=\"1\">Julio Rodr\u00edguez, Podemos, Spain<\/li>\n<li aria-level=\"1\">Konstantina Adamou, PES, Greece<\/li>\n<li aria-level=\"1\">Lammens Christian, Europe Ecologie, France<\/li>\n<li aria-level=\"1\">Luis Fazendeiro, Bloco de Esquerda, Potugal<\/li>\n<li aria-level=\"1\">Ma\u00ebl Rannou, Europe \u00e9cologie (Greens), France<\/li>\n<li aria-level=\"1\">Maillard, Les \u00c9cologistes &#8211; EELV \u00a0 France<\/li>\n<li aria-level=\"1\">Mar Cambroll\u00e9 Jurado, Podemos, Spain<\/li>\n<li aria-level=\"1\">Mar\u00eda Teresa P\u00e9rez Diaz, Podemos, Spain<\/li>\n<li aria-level=\"1\">Marine Tondelier, Europe Ecologie \/ Greens EFA, France<\/li>\n<li aria-level=\"1\">Miguel Chambel , LIVRE (European Green Party), Portugal<\/li>\n<li aria-level=\"1\">Mikul\u00e1\u0161 Peksa, \u010cesk\u00e1 pir\u00e1tsk\u00e1 strana, \u010cesk\u00e1 republika<\/li>\n<li aria-level=\"1\">Nayra van Lubek, Partij voor de Dieren, Netherlands<\/li>\n<li aria-level=\"1\">Nicole Dick, Partij voor de Dieren, Netherlands<\/li>\n<li aria-level=\"1\">Nora Isabel Espina Lopez, Podemos, Spain<\/li>\n<li aria-level=\"1\">Norberta Grilo, Bloco de Esquerda, Portugal<\/li>\n<li aria-level=\"1\">Panagiotis Kounakis, Pasok Kinal, Greece<\/li>\n<li aria-level=\"1\">Pauline O&#8217;Reilly, Green Party, Ireland<\/li>\n<li aria-level=\"1\">Pierre Carret, Les Ecologistes, France<\/li>\n<li aria-level=\"1\">Pierre Larrouturou, Nouvelle Donne, France<\/li>\n<li aria-level=\"1\">Popoff, Les \u00e9cologistes &#8211; Europe Ecologie Les Verts, France<\/li>\n<li aria-level=\"1\">Priscillia Ludosky, Europe Ecologie, France<\/li>\n<li aria-level=\"1\">R\u00e9gis Godec, Europe Ecologie, France<\/li>\n<li aria-level=\"1\">Ronan van Langen, Partij voor de Dieren, Netherlands<\/li>\n<li aria-level=\"1\">Santiago Mbanda Lima, Bloco de Esquerda, Portugal<\/li>\n<li aria-level=\"1\">Savatier , Europe Ecologie Les Verts, France<\/li>\n<li aria-level=\"1\">Sirpa Pietik\u00e4inen, Kansallinen Kokoomus, Finland<\/li>\n<li aria-level=\"1\">St\u00e9phanie Dembak-dijoux, Europe Ecologie, France<\/li>\n<li aria-level=\"1\">Wesley Pechler, Partij voor de Dieren, Netherlands<\/li>\n<li aria-level=\"1\">Yuri Zandwijken, Partij voor de Dieren, Netherlands<\/li>\n<li aria-level=\"1\">\u03a0\u03b1\u03bd\u03b1\u03b3\u03b9\u03c9\u03c4\u03b7\u03c3 \u0394\u03b7\u03bc\u03cc\u03c0\u03bf\u03c5\u03bb\u03bf\u03c3, \u03a0\u03b1\u03c3\u03bf\u03ba \u039a\u03af\u03bd\u03b7\u03bc\u03b1 \u0391\u03bb\u03bb\u03b1\u03b3\u03b7\u03c3, Greece \u0395\u03bb\u03bb\u03ac\u03b4\u03b1<\/li>\n<\/ol>\n<h3>\n\t\tAn initiative from the Toxic-free Future campaign\n\t<\/h3>\n\t\t\t\t<img decoding=\"async\" src=\"https:\/\/eeb.org\/wp-content\/uploads\/2024\/09\/TFF-logo--300x111.png\" alt=\"TFF logo\" itemprop=\"image\" height=\"111\" width=\"300\" title=\"TFF logo\" onerror=\"this.style.display='none'\"  \/>\n<h4>\n\t\tSupported by\n\t<\/h4>\n\t\t\t\t<img decoding=\"async\" src=\"https:\/\/eeb.org\/wp-content\/uploads\/2024\/09\/Untitled-design-3.png\" alt=\"Untitled design (3)\" itemprop=\"image\" height=\"1000\" width=\"1200\" title=\"Untitled design (3)\" onerror=\"this.style.display='none'\"  \/>\n<h3>\n\t\tAny questions?  Contact us\n\t<\/h3>\n\t\t\t\t<img decoding=\"async\" src=\"https:\/\/eeb.org\/wp-content\/plugins\/bb-plugin\/img\/pixel.png\" alt=\"\" itemprop=\"image\" onerror=\"this.style.display='none'\"  \/>","protected":false},"excerpt":{"rendered":"<p>The European Union stands at a pivotal moment to shape a future where public health, social justice, and a climate and environment-friendly economy coexist. Despite advancements<span class=\"excerpt-hellip\"> [\u2026]<\/span><\/p>","protected":false},"author":99,"featured_media":0,"parent":0,"menu_order":0,"comment_status":"closed","ping_status":"closed","template":"","meta":{"_acf_changed":false,"footnotes":""},"class_list":["post-115678","page","type-page","status-publish","hentry"],"acf":[],"jetpack_sharing_enabled":true,"_links":{"self":[{"href":"https:\/\/eeb.org\/fr\/wp-json\/wp\/v2\/pages\/115678","targetHints":{"allow":["GET"]}}],"collection":[{"href":"https:\/\/eeb.org\/fr\/wp-json\/wp\/v2\/pages"}],"about":[{"href":"https:\/\/eeb.org\/fr\/wp-json\/wp\/v2\/types\/page"}],"author":[{"embeddable":true,"href":"https:\/\/eeb.org\/fr\/wp-json\/wp\/v2\/users\/99"}],"replies":[{"embeddable":true,"href":"https:\/\/eeb.org\/fr\/wp-json\/wp\/v2\/comments?post=115678"}],"version-history":[{"count":0,"href":"https:\/\/eeb.org\/fr\/wp-json\/wp\/v2\/pages\/115678\/revisions"}],"wp:attachment":[{"href":"https:\/\/eeb.org\/fr\/wp-json\/wp\/v2\/media?parent=115678"}],"curies":[{"name":"wp","href":"https:\/\/api.w.org\/{rel}","templated":true}]}}